{"id":1410,"date":"2019-12-11T11:01:29","date_gmt":"2019-12-11T14:01:29","guid":{"rendered":"http:\/\/meccal.com.br\/site\/?page_id=1410"},"modified":"2026-05-09T18:39:50","modified_gmt":"2026-05-09T21:39:50","slug":"maquinas","status":"publish","type":"page","link":"https:\/\/meccal.com.br\/site\/maquinas\/","title":{"rendered":"M\u00e1quinas"},"content":{"rendered":"<p>[vc_row layout=&#8221;boxed&#8221;][vc_column width=&#8221;1\/3&#8243;]\t\t\t<div\n\t\t\t\tclass=\"darna-icon-box style1 \" >\n\t\t\t\t<a class=\"ibox-icon\" title=\"Metal\u00fargica\"\n\t\t\t\t   target=\"_self\" href=\"http:\/\/meccal.com.br\/site\/metalurgica\/\">\n\t\t\t\t\t\t\t\t\t\t\t<i class=\"fa fa-cog\"><\/i>\n\t\t\t\t\t\t\t\t\t<\/a>\n\t\t\t\t\t\t\t\t\t<h3><a title=\"Metal\u00fargica\" target=\"_self\"\n\t\t\t\t\t       href=\"http:\/\/meccal.com.br\/site\/metalurgica\/\">Metal\u00fargica<\/a><\/h3>\n\t\t\t\t\t\t\t<\/div>\n\t\t\t[vc_empty_space]\t\t\t<div\n\t\t\t\tclass=\"darna-icon-box style1 \" >\n\t\t\t\t<a class=\"ibox-icon\" title=\"Constru\u00e7\u00e3o C\u00edvil Port\u00e1til\"\n\t\t\t\t   target=\"_self\" href=\"http:\/\/meccal.com.br\/site\/construcao-civil-portatil\/\">\n\t\t\t\t\t\t\t\t\t\t\t<i class=\"flaticon-toolbox3\"><\/i>\n\t\t\t\t\t\t\t\t\t<\/a>\n\t\t\t\t\t\t\t\t\t<h3><a title=\"Constru\u00e7\u00e3o C\u00edvil Port\u00e1til\" target=\"_self\"\n\t\t\t\t\t       href=\"http:\/\/meccal.com.br\/site\/construcao-civil-portatil\/\">Constru\u00e7\u00e3o C\u00edvil Port\u00e1til<\/a><\/h3>\n\t\t\t\t\t\t\t<\/div>\n\t\t\t[\/vc_column][vc_column width=&#8221;1\/3&#8243;]\t\t\t<div\n\t\t\t\tclass=\"darna-icon-box style1 \" >\n\t\t\t\t<a class=\"ibox-icon\" title=\"Constru\u00e7\u00e3o C\u00edvil\"\n\t\t\t\t   target=\"_self\" href=\"https:\/\/meccal.com.br\/site\/construcao-civil\/\">\n\t\t\t\t\t\t\t\t\t\t\t<i class=\"flaticon-windup\"><\/i>\n\t\t\t\t\t\t\t\t\t<\/a>\n\t\t\t\t\t\t\t\t\t<h3><a title=\"Constru\u00e7\u00e3o C\u00edvil\" target=\"_self\"\n\t\t\t\t\t       href=\"https:\/\/meccal.com.br\/site\/construcao-civil\/\">Constru\u00e7\u00e3o Civil<\/a><\/h3>\n\t\t\t\t\t\t\t<\/div>\n\t\t\t[vc_empty_space]\t\t\t<div\n\t\t\t\tclass=\"darna-icon-box style1 \" >\n\t\t\t\t<a class=\"ibox-icon\" title=\"Constru\u00e7\u00e3o Civil KRB\"\n\t\t\t\t   target=\"_self\" href=\"http:\/\/meccal.com.br\/site\/construcao-civil-krb\/\">\n\t\t\t\t\t\t\t\t\t\t\t<i class=\"flaticon-wrench44\"><\/i>\n\t\t\t\t\t\t\t\t\t<\/a>\n\t\t\t\t\t\t\t\t\t<h3><a title=\"Constru\u00e7\u00e3o Civil KRB\" target=\"_self\"\n\t\t\t\t\t       href=\"http:\/\/meccal.com.br\/site\/construcao-civil-krb\/\">Constru\u00e7\u00e3o Civil KRB<\/a><\/h3>\n\t\t\t\t\t\t\t<\/div>\n\t\t\t[\/vc_column][vc_column width=&#8221;1\/3&#8243;]\t\t\t<div\n\t\t\t\tclass=\"darna-icon-box style1 \" >\n\t\t\t\t<a class=\"ibox-icon\" title=\"Modelos Especiais\"\n\t\t\t\t   target=\"_self\" href=\"http:\/\/meccal.com.br\/site\/modelos-especiais\/\">\n\t\t\t\t\t\t\t\t\t\t\t<i class=\"flaticon-wheel13\"><\/i>\n\t\t\t\t\t\t\t\t\t<\/a>\n\t\t\t\t\t\t\t\t\t<h3><a title=\"Modelos Especiais\" target=\"_self\"\n\t\t\t\t\t       href=\"http:\/\/meccal.com.br\/site\/modelos-especiais\/\">Modelos Especiais<\/a><\/h3>\n\t\t\t\t\t\t\t<\/div>\n\t\t\t[\/vc_column][\/vc_row]<\/p>\n","protected":false},"excerpt":{"rendered":"<p>[vc_row layout=&#8221;boxed&#8221;][vc_column width=&#8221;1\/3&#8243;][vc_empty_space][\/vc_column][vc_column width=&#8221;1\/3&#8243;][vc_empty_space][\/vc_column][vc_column width=&#8221;1\/3&#8243;][\/vc_column][\/vc_row]<\/p>\n","protected":false},"author":3,"featured_media":0,"parent":0,"menu_order":0,"comment_status":"closed","ping_status":"closed","template":"","meta":{"footnotes":""},"class_list":["post-1410","page","type-page","status-publish","hentry"],"_links":{"self":[{"href":"https:\/\/meccal.com.br\/site\/wp-json\/wp\/v2\/pages\/1410","targetHints":{"allow":["GET"]}}],"collection":[{"href":"https:\/\/meccal.com.br\/site\/wp-json\/wp\/v2\/pages"}],"about":[{"href":"https:\/\/meccal.com.br\/site\/wp-json\/wp\/v2\/types\/page"}],"author":[{"embeddable":true,"href":"https:\/\/meccal.com.br\/site\/wp-json\/wp\/v2\/users\/3"}],"replies":[{"embeddable":true,"href":"https:\/\/meccal.com.br\/site\/wp-json\/wp\/v2\/comments?post=1410"}],"version-history":[{"count":11,"href":"https:\/\/meccal.com.br\/site\/wp-json\/wp\/v2\/pages\/1410\/revisions"}],"predecessor-version":[{"id":1894,"href":"https:\/\/meccal.com.br\/site\/wp-json\/wp\/v2\/pages\/1410\/revisions\/1894"}],"wp:attachment":[{"href":"https:\/\/meccal.com.br\/site\/wp-json\/wp\/v2\/media?parent=1410"}],"curies":[{"name":"wp","href":"https:\/\/api.w.org\/{rel}","templated":true}]}}